{"id":6387,"date":"2016-07-09T01:14:29","date_gmt":"2016-07-08T17:14:29","guid":{"rendered":"http:\/\/cima-medical.com\/product\/waiting-chair-3\/"},"modified":"2016-07-09T01:14:29","modified_gmt":"2016-07-08T17:14:29","slug":"waiting-chair-3","status":"publish","type":"product","link":"https:\/\/cima-medical.com\/es\/producto\/waiting-chair-3\/","title":{"rendered":"Waiting Chair"},"content":{"rendered":"<p>Waiting Chair Seat\u00e6&amp;Back:1.3 mm thickness perforated cold-rolled steel, powder coated\u00e6;Arms &amp;Legs:1.2 mm thickness cold-rolled steel, chromed;\u00e6Three Seats,also have two seats ,four seats,five seats_Material:electroplate carbon steel<\/p>\n","protected":false},"excerpt":{"rendered":"<p>CMF033 Waiting Chair<\/p>\n","protected":false},"featured_media":6388,"comment_status":"closed","ping_status":"open","template":"","meta":[],"_links":{"self":[{"href":"https:\/\/cima-medical.com\/es\/wp-json\/wp\/v2\/product\/6387"}],"collection":[{"href":"https:\/\/cima-medical.com\/es\/wp-json\/wp\/v2\/product"}],"about":[{"href":"https:\/\/cima-medical.com\/es\/wp-json\/wp\/v2\/types\/product"}],"replies":[{"embeddable":true,"href":"https:\/\/cima-medical.com\/es\/wp-json\/wp\/v2\/comments?post=6387"}],"wp:featuredmedia":[{"embeddable":true,"href":"https:\/\/cima-medical.com\/es\/wp-json\/wp\/v2\/media\/6388"}],"wp:attachment":[{"href":"https:\/\/cima-medical.com\/es\/wp-json\/wp\/v2\/media?parent=6387"}],"curies":[{"name":"wp","href":"https:\/\/api.w.org\/{rel}","templated":true}]}}